{"id":91,"date":"2014-10-30T16:02:06","date_gmt":"2014-10-30T15:02:06","guid":{"rendered":"http:\/\/iui.sb.dfki.de\/smartfactories\/www\/?page_id=91"},"modified":"2020-07-02T10:07:45","modified_gmt":"2020-07-02T10:07:45","slug":"consortium","status":"publish","type":"page","link":"https:\/\/smartfactories.dfki.de\/?page_id=91","title":{"rendered":"Consortium"},"content":{"rendered":"\n<div class=\"wp-block-media-text alignwide is-stacked-on-mobile\"><figure class=\"wp-block-media-text__media\"><img loading=\"lazy\" decoding=\"async\" width=\"1024\" height=\"505\" src=\"https:\/\/smartfactories.dfki.de\/wp-content\/uploads\/EIT-Digital_logo_landscape-1024x505.png\" alt=\"\" class=\"wp-image-816\" srcset=\"https:\/\/smartfactories.dfki.de\/wp-content\/uploads\/EIT-Digital_logo_landscape-1024x505.png 1024w, https:\/\/smartfactories.dfki.de\/wp-content\/uploads\/EIT-Digital_logo_landscape-300x148.png 300w, https:\/\/smartfactories.dfki.de\/wp-content\/uploads\/EIT-Digital_logo_landscape-768x379.png 768w, https:\/\/smartfactories.dfki.de\/wp-content\/uploads\/EIT-Digital_logo_landscape-1536x757.png 1536w, https:\/\/smartfactories.dfki.de\/wp-content\/uploads\/EIT-Digital_logo_landscape.png 1600w\" sizes=\"auto, (max-width: 1024px) 100vw, 1024px\" \/><\/figure><div class=\"wp-block-media-text__content\"><\/div><\/div>\n\n\n\n<div class=\"wp-block-media-text alignwide is-stacked-on-mobile\"><figure class=\"wp-block-media-text__media\"><img loading=\"lazy\" decoding=\"async\" width=\"1024\" height=\"205\" src=\"https:\/\/smartfactories.dfki.de\/wp-content\/uploads\/dfki_logo-1024x205.png\" alt=\"\" class=\"wp-image-809\" srcset=\"https:\/\/smartfactories.dfki.de\/wp-content\/uploads\/dfki_logo-1024x205.png 1024w, https:\/\/smartfactories.dfki.de\/wp-content\/uploads\/dfki_logo-300x60.png 300w, https:\/\/smartfactories.dfki.de\/wp-content\/uploads\/dfki_logo-768x154.png 768w, https:\/\/smartfactories.dfki.de\/wp-content\/uploads\/dfki_logo-1536x307.png 1536w, https:\/\/smartfactories.dfki.de\/wp-content\/uploads\/dfki_logo.png 2000w\" sizes=\"auto, (max-width: 1024px) 100vw, 1024px\" \/><\/figure><div class=\"wp-block-media-text__content\">\n<h2 class=\"wp-block-heading\"><strong><a href=\"http:\/\/www.dfki.de\">DFKI<\/a><\/strong><\/h2>\n\n\n\n<p><a href=\"http:\/\/www.dfki.de\/%7Esonntag\/\">Daniel Sonntag<\/a><\/p>\n<\/div><\/div>\n\n\n\n<div class=\"wp-block-media-text alignwide is-stacked-on-mobile\"><figure class=\"wp-block-media-text__media\"><img loading=\"lazy\" decoding=\"async\" width=\"1024\" height=\"244\" src=\"https:\/\/smartfactories.dfki.de\/wp-content\/uploads\/2020\/07\/Siemens-logo.svg_.png\" alt=\"\" class=\"wp-image-893\" srcset=\"https:\/\/smartfactories.dfki.de\/wp-content\/uploads\/2020\/07\/Siemens-logo.svg_.png 1024w, https:\/\/smartfactories.dfki.de\/wp-content\/uploads\/2020\/07\/Siemens-logo.svg_-300x71.png 300w, https:\/\/smartfactories.dfki.de\/wp-content\/uploads\/2020\/07\/Siemens-logo.svg_-768x183.png 768w, https:\/\/smartfactories.dfki.de\/wp-content\/uploads\/2020\/07\/Siemens-logo.svg_-500x119.png 500w\" sizes=\"auto, (max-width: 1024px) 100vw, 1024px\" \/><\/figure><div class=\"wp-block-media-text__content\">\n<h2 class=\"wp-block-heading\"><a href=\"http:\/\/www.siemens.com\/corporate-technology\/en\/index.php\"><strong>Siemens<\/strong><\/a><\/h2>\n\n\n\n<p><a href=\"http:\/\/www.iamresearcher.com\/profiles\/sonja.zillner\/\">Sonja Zillner<\/a><\/p>\n<\/div><\/div>\n\n\n\n<div class=\"wp-block-media-text alignwide is-stacked-on-mobile\"><figure class=\"wp-block-media-text__media\"><img loading=\"lazy\" decoding=\"async\" width=\"799\" height=\"138\" src=\"https:\/\/smartfactories.dfki.de\/wp-content\/uploads\/2020\/07\/799px-Fraunhofer-Gesellschaft_2009_logo.svg_.png\" alt=\"\" class=\"wp-image-894\" srcset=\"https:\/\/smartfactories.dfki.de\/wp-content\/uploads\/2020\/07\/799px-Fraunhofer-Gesellschaft_2009_logo.svg_.png 799w, https:\/\/smartfactories.dfki.de\/wp-content\/uploads\/2020\/07\/799px-Fraunhofer-Gesellschaft_2009_logo.svg_-300x52.png 300w, https:\/\/smartfactories.dfki.de\/wp-content\/uploads\/2020\/07\/799px-Fraunhofer-Gesellschaft_2009_logo.svg_-768x133.png 768w, https:\/\/smartfactories.dfki.de\/wp-content\/uploads\/2020\/07\/799px-Fraunhofer-Gesellschaft_2009_logo.svg_-500x86.png 500w\" sizes=\"auto, (max-width: 799px) 100vw, 799px\" \/><\/figure><div class=\"wp-block-media-text__content\">\n<h2 class=\"wp-block-heading\"><a href=\"http:\/\/www.fraunhofer.de\/en.html\"><strong>Fraunhofer<\/strong><\/a><\/h2>\n\n\n\n<p><a href=\"mailto:Jan.Kloeber-Koch@iwu.fraunhofer.de\">Jan Kl\u00f6ber-Koch<\/a><\/p>\n<\/div><\/div>\n\n\n\n<div class=\"wp-block-media-text alignwide is-stacked-on-mobile\"><figure class=\"wp-block-media-text__media\"><img loading=\"lazy\" decoding=\"async\" width=\"693\" height=\"234\" src=\"https:\/\/smartfactories.dfki.de\/wp-content\/uploads\/2020\/07\/elte-logo-en.png\" alt=\"\" class=\"wp-image-899\" srcset=\"https:\/\/smartfactories.dfki.de\/wp-content\/uploads\/2020\/07\/elte-logo-en.png 693w, https:\/\/smartfactories.dfki.de\/wp-content\/uploads\/2020\/07\/elte-logo-en-300x101.png 300w, https:\/\/smartfactories.dfki.de\/wp-content\/uploads\/2020\/07\/elte-logo-en-500x169.png 500w\" sizes=\"auto, (max-width: 693px) 100vw, 693px\" \/><\/figure><div class=\"wp-block-media-text__content\">\n<h2 class=\"wp-block-heading\"><a href=\"http:\/\/www.elte.hu\/en\"><strong>ELTE<\/strong><\/a><\/h2>\n\n\n\n<p><a href=\"http:\/\/people.inf.elte.hu\/lorincz\/\">Andr\u00e1s L\u00f6rincz<\/a><\/p>\n<\/div><\/div>\n\n\n\n<div class=\"wp-block-media-text alignwide is-stacked-on-mobile height: 2em;\"><figure class=\"wp-block-media-text__media\"><img loading=\"lazy\" decoding=\"async\" width=\"1024\" height=\"350\" src=\"https:\/\/smartfactories.dfki.de\/wp-content\/uploads\/2020\/07\/1200px-KTH_Stockholm-Logo.svg_-1024x1024-1-1024x350.png\" alt=\"\" class=\"wp-image-902\" srcset=\"https:\/\/smartfactories.dfki.de\/wp-content\/uploads\/2020\/07\/1200px-KTH_Stockholm-Logo.svg_-1024x1024-1-1024x350.png 1024w, https:\/\/smartfactories.dfki.de\/wp-content\/uploads\/2020\/07\/1200px-KTH_Stockholm-Logo.svg_-1024x1024-1-300x102.png 300w, https:\/\/smartfactories.dfki.de\/wp-content\/uploads\/2020\/07\/1200px-KTH_Stockholm-Logo.svg_-1024x1024-1-768x262.png 768w, https:\/\/smartfactories.dfki.de\/wp-content\/uploads\/2020\/07\/1200px-KTH_Stockholm-Logo.svg_-1024x1024-1-1536x524.png 1536w, https:\/\/smartfactories.dfki.de\/wp-content\/uploads\/2020\/07\/1200px-KTH_Stockholm-Logo.svg_-1024x1024-1-2048x699.png 2048w, https:\/\/smartfactories.dfki.de\/wp-content\/uploads\/2020\/07\/1200px-KTH_Stockholm-Logo.svg_-1024x1024-1-500x171.png 500w\" sizes=\"auto, (max-width: 1024px) 100vw, 1024px\" \/><\/figure><div class=\"wp-block-media-text__content\">\n<h2 class=\"wp-block-heading\"><a href=\"http:\/\/www.kth.se\/en\"><strong>KTH<\/strong><\/a><\/h2>\n\n\n\n<p><a href=\"http:\/\/www.kth.se\/en\/itm\/inst\/mmk\/medarbetare\/medarbetare-mda\/de-jiu-chen-1.18204\">De-Jiu Chen<\/a><\/p>\n<\/div><\/div>\n\n\n\n<div class=\"wp-block-media-text alignwide is-stacked-on-mobile\"><figure class=\"wp-block-media-text__media\"><img decoding=\"async\" src=\"https:\/\/smartfactories.dfki.de\/wp-content\/uploads\/2020\/07\/fortiss_logo.png\" alt=\"\" class=\"wp-image-891\"\/><\/figure><div class=\"wp-block-media-text__content\">\n<h2 class=\"wp-block-heading\"><a href=\"http:\/\/www.fortiss.org\/en\/home\/\"><strong>Fortiss<\/strong><\/a><\/h2>\n\n\n\n<p><a href=\"http:\/\/brml.org\/people\/smagt\/\">Patrick van der Smagt<\/a><\/p>\n<\/div><\/div>\n","protected":false},"excerpt":{"rendered":"<p>DFKI Daniel Sonntag Siemens Sonja Zillner Fraunhofer Jan Kl\u00f6ber-Koch ELTE Andr\u00e1s L\u00f6rincz KTH De-Jiu Chen Fortiss Patrick van der Smagt<\/p>\n","protected":false},"author":3,"featured_media":0,"parent":0,"menu_order":2,"comment_status":"closed","ping_status":"open","template":"","meta":{"footnotes":""},"class_list":["post-91","page","type-page","status-publish","hentry"],"_links":{"self":[{"href":"https:\/\/smartfactories.dfki.de\/index.php?rest_route=\/wp\/v2\/pages\/91","targetHints":{"allow":["GET"]}}],"collection":[{"href":"https:\/\/smartfactories.dfki.de\/index.php?rest_route=\/wp\/v2\/pages"}],"about":[{"href":"https:\/\/smartfactories.dfki.de\/index.php?rest_route=\/wp\/v2\/types\/page"}],"author":[{"embeddable":true,"href":"https:\/\/smartfactories.dfki.de\/index.php?rest_route=\/wp\/v2\/users\/3"}],"replies":[{"embeddable":true,"href":"https:\/\/smartfactories.dfki.de\/index.php?rest_route=%2Fwp%2Fv2%2Fcomments&post=91"}],"version-history":[{"count":7,"href":"https:\/\/smartfactories.dfki.de\/index.php?rest_route=\/wp\/v2\/pages\/91\/revisions"}],"predecessor-version":[{"id":903,"href":"https:\/\/smartfactories.dfki.de\/index.php?rest_route=\/wp\/v2\/pages\/91\/revisions\/903"}],"wp:attachment":[{"href":"https:\/\/smartfactories.dfki.de\/index.php?rest_route=%2Fwp%2Fv2%2Fmedia&parent=91"}],"curies":[{"name":"wp","href":"https:\/\/api.w.org\/{rel}","templated":true}]}}